{"id":56,"date":"2024-10-24T16:56:34","date_gmt":"2024-10-24T14:56:34","guid":{"rendered":"https:\/\/alexandrapanella.com\/?page_id=56"},"modified":"2025-01-15T15:18:24","modified_gmt":"2025-01-15T14:18:24","slug":"chi-sono","status":"publish","type":"page","link":"https:\/\/alexandrapanella.com\/it\/chi-sono\/","title":{"rendered":"Chi sono"},"content":{"rendered":"<div class=\"gb-container gb-container-3cf294dd gbp-section\">\n<div class=\"gb-container gb-container-fb846b4c gbp-section__inner\">\n<div class=\"gb-container gb-container-b14ce74b alignwide\">\n\n<div style=\"height:330px\" aria-hidden=\"true\" class=\"wp-block-spacer\"><\/div>\n\n\n\n<h3 class=\"gb-headline gb-headline-d94be0da gb-headline-text gbp-section__headline\">Il privilegio di una vita \u00e8 diventare chi sei veramente.<\/h3>\n\n\n\n<p class=\"gb-headline gb-headline-2d5bdbff gb-headline-text gbp-section__tagline\">Carl Gustav Jung<\/p>\n\n<\/div>\n<\/div>\n<\/div>\n\n<div class=\"gb-container gb-container-93f0d7d5 gbp-section\">\n<div class=\"gb-container gb-container-29609679 gbp-section__inner\">\n<div class=\"gb-container gb-container-a04bdf7f\">\n\n<h2 class=\"gb-headline gb-headline-afcd66fc gb-headline-text gbp-section__headline\">Chi sono io?<\/h2>\n\n\n\n<div class=\"gb-headline gb-headline-06ebddb9 gb-headline-text gbp-section__text\"><strong>Albergano in me tante versioni di me stessa.<\/strong><br>La me bambina, sensibile e curiosa, appassionata di mitologia greca, con due culture nel cuore, che ha sempre tradotto i dialoghi tra s\u00e9 e s\u00e9, indecisa tra l\u2019essere italiana o tedesca. La me adolescente, creativa e sognatrice, a tratti ribelle. Convive in me la versione che ha seguito un percorso ordinario: laurea in traduzione, libera professione come traduttrice, docente universitaria. E c\u2019\u00e8 spazio per la fotografa che traduce la bellezza della natura in immagini per nutrire l\u2019Anima.<\/div>\n\n<\/div>\n<\/div>\n<\/div>\n\n<div class=\"gb-container gb-container-2b8f3ed6 gbp-section\">\n<div class=\"gb-container gb-container-b73cf7bf gbp-section__inner\">\n<div class=\"gb-container gb-container-6a512460\">\n\n<figure class=\"gb-block-image gb-block-image-e33f7327\"><img loading=\"lazy\" decoding=\"async\" width=\"626\" height=\"1024\" class=\"gb-image gb-image-e33f7327\" src=\"https:\/\/alexandrapanella.com\/wp-content\/uploads\/2024\/11\/AlexFotoChiSonoOk-626x1024.jpg\" alt=\"\" title=\"AlexFotoChiSonoOk\" srcset=\"https:\/\/alexandrapanella.com\/wp-content\/uploads\/2024\/11\/AlexFotoChiSonoOk-626x1024.jpg 626w, https:\/\/alexandrapanella.com\/wp-content\/uploads\/2024\/11\/AlexFotoChiSonoOk-184x300.jpg 184w, https:\/\/alexandrapanella.com\/wp-content\/uploads\/2024\/11\/AlexFotoChiSonoOk-768x1255.jpg 768w, https:\/\/alexandrapanella.com\/wp-content\/uploads\/2024\/11\/AlexFotoChiSonoOk-940x1536.jpg 940w, https:\/\/alexandrapanella.com\/wp-content\/uploads\/2024\/11\/AlexFotoChiSonoOk-1253x2048.jpg 1253w, https:\/\/alexandrapanella.com\/wp-content\/uploads\/2024\/11\/AlexFotoChiSonoOk-scaled.jpg 1566w\" sizes=\"auto, (max-width: 626px) 100vw, 626px\" \/><\/figure>\n\n<\/div>\n\n<div class=\"gb-container gb-container-45029a2f\">\n\n<div class=\"gb-headline gb-headline-3b0356bf gb-headline-text gbp-section__text\">\u00c8 stata forse proprio la domanda \u201cChi sono io?\u201d a dar voce, a un certo punto del cammino, a un malessere interiore. Come nel mito di Teseo mi sono addentrata in un labirinto alla ricerca di me, senza trovarne l\u2019uscita. <strong>Ma a volte \u00e8 necessario smarrirsi per ritrovarsi.<\/strong> I tarocchi sono entrati nella mia vita in punta di piedi, quasi \u201cper caso\u201d, come a porgermi il filo di Arianna.<br>Sono rimasta subito stupita e affascinata dalla potenza trasformativa del messaggio degli Arcani, tanto da volerli studiare seriamente. Ho seguito l\u2019intero percorso formativo <em>dell\u2019Accademia dei Tarocchi di Carlo Bozzelli<\/em> che mi ha trasmesso l&#8217;antica natura del simbolismo del Tarot.<br>L\u2019integrazione dei tarocchi nella mia vita ha portato a <strong>un profondo cambiamento consentendomi di recuperare un\u2019autenticit\u00e0 dimenticata<\/strong>.\u00a0<br>Ho iniziato a cogliere le sincronicit\u00e0 della vita che, tradotte in scelte e azioni, mi hanno ricordato chi sono sempre stata. \u00c8 a questo punto che si \u00e8 aggiunta alle altre versioni di me <strong>la me tarologa, traduttrice anche lei<\/strong>, arrivata per unire tutte le altre.<br>Dopo anni di studio e pratica a livello personale ho sentito la necessit\u00e0 di condividere la mia conoscenza nella relazione d\u2019aiuto.<\/div>\n\n<\/div>\n<\/div>\n<\/div>\n\n<div class=\"gb-container gb-container-79a53ee0 gbp-section\">\n<div class=\"gb-container gb-container-5fcc5d80 gbp-section__inner\">\n<div class=\"gb-container gb-container-dea0e436\">\n<div class=\"gb-container gb-container-1105846b\">\n\n<h6 class=\"gb-headline gb-headline-17eb6e86 gb-headline-text gbp-section__headline\">Mi identifico nell&#8217;arcano della Stella.<\/h6>\n\n\n\n<h6 class=\"gb-headline gb-headline-97e25c59 gb-headline-text gbp-section__text\">Amo il Matto e il suo fedele cane e vivo in una piccola cittadina sul fiume che mi ha insegnato a fluire con la vita.<\/h6>\n\n<\/div>\n<\/div>\n<\/div>\n<\/div>\n\n<div class=\"gb-container gb-container-bd72c341 gbp-section\">\n<div class=\"gb-container gb-container-56512d2e\">\n<div class=\"gb-grid-wrapper gb-grid-wrapper-a9d3f82e\">\n<div class=\"gb-grid-column gb-grid-column-f503a76f\"><div class=\"gb-container gb-container-f503a76f\">\n\n<h3 class=\"gb-headline gb-headline-fb3caf2f gb-headline-text gbp-section__headline\">Metodo<\/h3>\n\n\n\n<div class=\"gb-headline gb-headline-845f7b21 gb-headline-text gbp-section__text\">I Tarocchi di Marsiglia custodiscono una struttura in codice nascosta che li rende una vera e propria lingua.<\/div>\n\n\n<div class=\"gb-container gb-container-baba671d\">\n\n<a class=\"gb-button gb-button-776e4bf3 gb-button-text\" href=\"https:\/\/alexandrapanella.com\/it\/metodo\/\">Scopri<\/a>\n\n<\/div>\n<\/div><\/div>\n\n<div class=\"gb-grid-column gb-grid-column-9e229239\"><div class=\"gb-container gb-container-9e229239\">\n\n<h3 class=\"gb-headline gb-headline-218b28d1 gb-headline-text gbp-section__headline\">Consulti<\/h3>\n\n\n\n<div class=\"gb-headline gb-headline-81cde0ba gb-headline-text gbp-section__text\">Una lettura di tarocchi \u00e8 come aprire le finestre di una stanza interiore rimasta al buio<\/div>\n\n\n<div class=\"gb-container gb-container-ed592ffe\">\n\n<a class=\"gb-button gb-button-6276e98e gb-button-text\" href=\"https:\/\/alexandrapanella.com\/it\/consulti\/\">Scopri<\/a>\n\n<\/div>\n<\/div><\/div>\n<\/div>\n<\/div>\n<\/div>","protected":false},"excerpt":{"rendered":"<p>Il privilegio di una vita \u00e8 diventare chi sei veramente. Carl Gustav Jung Chi sono io? Albergano in me tante versioni di me stessa.La me bambina, sensibile e curiosa, appassionata di mitologia greca, con due culture nel cuore, che ha sempre tradotto i dialoghi tra s\u00e9 e s\u00e9, indecisa tra l\u2019essere italiana o tedesca. La &#8230; <a title=\"Chi sono\" class=\"read-more\" href=\"https:\/\/alexandrapanella.com\/it\/chi-sono\/\" aria-label=\"Per saperne di pi\u00f9 su Chi sono\">Leggi tutto<\/a><\/p>\n","protected":false},"author":1,"featured_media":0,"parent":0,"menu_order":0,"comment_status":"closed","ping_status":"closed","template":"","meta":{"footnotes":""},"class_list":["post-56","page","type-page","status-publish"],"_links":{"self":[{"href":"https:\/\/alexandrapanella.com\/it\/wp-json\/wp\/v2\/pages\/56","targetHints":{"allow":["GET"]}}],"collection":[{"href":"https:\/\/alexandrapanella.com\/it\/wp-json\/wp\/v2\/pages"}],"about":[{"href":"https:\/\/alexandrapanella.com\/it\/wp-json\/wp\/v2\/types\/page"}],"author":[{"embeddable":true,"href":"https:\/\/alexandrapanella.com\/it\/wp-json\/wp\/v2\/users\/1"}],"replies":[{"embeddable":true,"href":"https:\/\/alexandrapanella.com\/it\/wp-json\/wp\/v2\/comments?post=56"}],"version-history":[{"count":26,"href":"https:\/\/alexandrapanella.com\/it\/wp-json\/wp\/v2\/pages\/56\/revisions"}],"predecessor-version":[{"id":594,"href":"https:\/\/alexandrapanella.com\/it\/wp-json\/wp\/v2\/pages\/56\/revisions\/594"}],"wp:attachment":[{"href":"https:\/\/alexandrapanella.com\/it\/wp-json\/wp\/v2\/media?parent=56"}],"curies":[{"name":"wp","href":"https:\/\/api.w.org\/{rel}","templated":true}]}}