{"id":58,"date":"2024-10-24T16:56:48","date_gmt":"2024-10-24T14:56:48","guid":{"rendered":"https:\/\/alexandrapanella.com\/?page_id=58"},"modified":"2025-01-15T15:05:52","modified_gmt":"2025-01-15T14:05:52","slug":"metodo","status":"publish","type":"page","link":"https:\/\/alexandrapanella.com\/it\/metodo\/","title":{"rendered":"Metodo"},"content":{"rendered":"<div class=\"gb-container gb-container-3cf294dd gbp-section\">\n<div class=\"gb-container gb-container-fb846b4c gbp-section__inner\">\n<div class=\"gb-container gb-container-b14ce74b alignwide\">\n\n<div style=\"height:330px\" aria-hidden=\"true\" class=\"wp-block-spacer\"><\/div>\n\n\n\n<h3 class=\"gb-headline gb-headline-d94be0da gb-headline-text gbp-section__headline\">La verit\u00e0 non \u00e8 venuta nuda in questo mondo, ma in&nbsp;simboli e immagini.<\/h3>\n\n\n\n<p class=\"gb-headline gb-headline-2d5bdbff gb-headline-text gbp-section__tagline\">Vangelo di Filippo<\/p>\n\n<\/div>\n<\/div>\n<\/div>\n\n<div class=\"gb-container gb-container-93f0d7d5 gbp-section\">\n\n<h2 class=\"gb-headline gb-headline-afcd66fc gb-headline-text gbp-section__headline\">Perch\u00e9 utilizzo i Tarocchi di Marsiglia?<\/h2>\n\n\n<div class=\"gb-grid-wrapper gb-grid-wrapper-ff9d900c\">\n<div class=\"gb-grid-column gb-grid-column-bb39636f\"><div class=\"gb-container gb-container-bb39636f\">\n\n<figure class=\"gb-block-image gb-block-image-dd78cfbd\"><img loading=\"lazy\" decoding=\"async\" width=\"976\" height=\"1024\" class=\"gb-image gb-image-dd78cfbd\" src=\"https:\/\/alexandrapanella.com\/wp-content\/uploads\/2024\/11\/FotoCarteMetodo-1-976x1024.jpg\" alt=\"\" title=\"FotoCarteMetodo\" srcset=\"https:\/\/alexandrapanella.com\/wp-content\/uploads\/2024\/11\/FotoCarteMetodo-1-976x1024.jpg 976w, https:\/\/alexandrapanella.com\/wp-content\/uploads\/2024\/11\/FotoCarteMetodo-1-286x300.jpg 286w, https:\/\/alexandrapanella.com\/wp-content\/uploads\/2024\/11\/FotoCarteMetodo-1-768x806.jpg 768w, https:\/\/alexandrapanella.com\/wp-content\/uploads\/2024\/11\/FotoCarteMetodo-1-1464x1536.jpg 1464w, https:\/\/alexandrapanella.com\/wp-content\/uploads\/2024\/11\/FotoCarteMetodo-1.jpg 1600w\" sizes=\"auto, (max-width: 976px) 100vw, 976px\" \/><\/figure>\n\n<\/div><\/div>\n\n<div class=\"gb-grid-column gb-grid-column-22eefc62\"><div class=\"gb-container gb-container-22eefc62\">\n\n<div style=\"height:0px\" aria-hidden=\"true\" class=\"wp-block-spacer\"><\/div>\n\n\n\n<div class=\"gb-headline gb-headline-06ebddb9 gb-headline-text gbp-section__text\">I <em>Tarocchi di Marsiglia<\/em> custodiscono una struttura in codice nascosta che li rende <strong>una vera e propria lingua<\/strong>. Come qualsiasi altra lingua \u00e8 governata da regole grammaticali, da una sintassi e da un lessico.&nbsp;<\/div>\n\n\n\n<p class=\"gb-headline gb-headline-fbcb0c7e gb-headline-text\"><strong>Davanti a una domanda, il Tarot d\u00e0 una risposta precisa formulando frasi di senso compiuto.<\/strong> \u00c8 proprio la presenza degli antichi codici che consente, a chi come me li ha studiati, di leggere le carte in maniera oggettiva, rigorosa e disciplinata, come un<strong> traduttore fedele al testo di partenza<\/strong>.&nbsp;<\/p>\n\n\n\n<p class=\"gb-headline gb-headline-4831652a gb-headline-text\">Il mio compito di tarologa non \u00e8 dare una mia personale interpretazione della stesa secondo il mio sentire o sulla sola base del mio intuito, bens\u00ec quello di <strong>riferire correttamente il contenuto del messaggio<\/strong> dato dall\u2019intelligenza millenaria Tarot.<br><br><strong>\u00c8 proprio la struttura codificata che distingue i Tarocchi di Marsiglia dai giochi di tarocchi e dalle carte oracolari per la divinazione.&nbsp;<\/strong><\/p>\n\n\n\n<p class=\"gb-headline gb-headline-343d3b08 gb-headline-text\">Nei miei consulti evito tassativamente il tema salute in quanto \u00e8 un argomento che non mi compete. Laddove ritengo che la situazione non sia di mia <strong>competenza \u00e8 mio dovere indirizzarti verso altri professionisti.<\/strong> In qualit\u00e0 di confidente mantengo il silenzio, il riserbo e la discrezione sulle informazioni da te ricevute durante la mia attivit\u00e0.<\/p>\n\n\n\n<p class=\"gb-headline gb-headline-8e5a044d gb-headline-text\">Osservo il <em>Codice deontologico<\/em> dell\u2019Accademia dei Tarocchi.<\/p>\n\n\n\n<p class=\"gb-headline gb-headline-eb97f68e\"><span class=\"gb-icon\"><svg viewBox=\"0 0 236.37 200\" xmlns=\"http:\/\/www.w3.org\/2000\/svg\" id=\"Livello_1\"><defs><style>.cls-1{fill:#fff;}.cls-2{fill:#cabda1;}.cls-3{fill:none;stroke:#fff;stroke-linecap:round;stroke-miterlimit:10;stroke-width:9px;}<\/style><\/defs><circle r=\"85.3\" cy=\"96.99\" cx=\"120.65\" class=\"cls-2\"><\/circle><polyline points=\"72.02 85.02 72.02 135.56 171.97 135.56 171.97 85.02\" class=\"cls-3\"><\/polyline><rect height=\"52.94\" width=\"29.71\" y=\"37.78\" x=\"107.14\" class=\"cls-1\"><\/rect><polygon points=\"121.99 120.88 152.52 81.18 91.47 81.18 121.99 120.88\" class=\"cls-1\"><\/polygon><\/svg><\/span><span class=\"gb-headline-text\"><a href=\"https:\/\/alexandrapanella.com\/wp-content\/uploads\/2024\/11\/CodDeontologico_IT.pdf\" target=\"_blank\" rel=\"noreferrer noopener\">Scarica il codice deontologico<\/a><\/span><\/p>\n\n<\/div><\/div>\n<\/div>\n<\/div>\n\n<div class=\"gb-container gb-container-bd72c341 gbp-section\">\n<div class=\"gb-container gb-container-56512d2e\">\n<div class=\"gb-grid-wrapper gb-grid-wrapper-a9d3f82e\">\n<div class=\"gb-grid-column gb-grid-column-4bf791b4\"><div class=\"gb-container gb-container-4bf791b4\">\n\n<h3 class=\"gb-headline gb-headline-745e2b87 gb-headline-text gbp-section__headline\">Chi sono<\/h3>\n\n\n\n<div class=\"gb-headline gb-headline-a06fdccc gb-headline-text gbp-section__text\">Sono rimasta subito stupita e affascinata dalla potenza trasformativa del messaggio degli arcani, tanto da volerli studiare seriamente.<\/div>\n\n\n<div class=\"gb-container gb-container-f50f83e2\">\n\n<a class=\"gb-button gb-button-c045c3f3 gb-button-text\" href=\"https:\/\/alexandrapanella.com\/it\/chi-sono\/\">Scopri<\/a>\n\n<\/div>\n<\/div><\/div>\n\n<div class=\"gb-grid-column gb-grid-column-9e229239\"><div class=\"gb-container gb-container-9e229239\">\n\n<h3 class=\"gb-headline gb-headline-218b28d1 gb-headline-text gbp-section__headline\">Consulti<\/h3>\n\n\n\n<div class=\"gb-headline gb-headline-81cde0ba gb-headline-text gbp-section__text\">Una lettura di tarocchi \u00e8 come aprire le finestre di una stanza interiore rimasta al buio<\/div>\n\n\n\n<p><\/p>\n\n\n<div class=\"gb-container gb-container-ed592ffe\">\n\n<a class=\"gb-button gb-button-6276e98e gb-button-text\" href=\"https:\/\/alexandrapanella.com\/it\/consulti\/\">Scopri<\/a>\n\n<\/div>\n<\/div><\/div>\n<\/div>\n<\/div>\n<\/div>","protected":false},"excerpt":{"rendered":"<p>La verit\u00e0 non \u00e8 venuta nuda in questo mondo, ma in&nbsp;simboli e immagini. Vangelo di Filippo Perch\u00e9 utilizzo i Tarocchi di Marsiglia?<\/p>\n","protected":false},"author":1,"featured_media":0,"parent":0,"menu_order":0,"comment_status":"closed","ping_status":"closed","template":"","meta":{"footnotes":""},"class_list":["post-58","page","type-page","status-publish"],"_links":{"self":[{"href":"https:\/\/alexandrapanella.com\/it\/wp-json\/wp\/v2\/pages\/58","targetHints":{"allow":["GET"]}}],"collection":[{"href":"https:\/\/alexandrapanella.com\/it\/wp-json\/wp\/v2\/pages"}],"about":[{"href":"https:\/\/alexandrapanella.com\/it\/wp-json\/wp\/v2\/types\/page"}],"author":[{"embeddable":true,"href":"https:\/\/alexandrapanella.com\/it\/wp-json\/wp\/v2\/users\/1"}],"replies":[{"embeddable":true,"href":"https:\/\/alexandrapanella.com\/it\/wp-json\/wp\/v2\/comments?post=58"}],"version-history":[{"count":29,"href":"https:\/\/alexandrapanella.com\/it\/wp-json\/wp\/v2\/pages\/58\/revisions"}],"predecessor-version":[{"id":618,"href":"https:\/\/alexandrapanella.com\/it\/wp-json\/wp\/v2\/pages\/58\/revisions\/618"}],"wp:attachment":[{"href":"https:\/\/alexandrapanella.com\/it\/wp-json\/wp\/v2\/media?parent=58"}],"curies":[{"name":"wp","href":"https:\/\/api.w.org\/{rel}","templated":true}]}}